{"id":15,"date":"2025-09-10T14:02:28","date_gmt":"2025-09-10T07:02:28","guid":{"rendered":"https:\/\/thvietau.edu.vn\/?page_id=15"},"modified":"2025-09-15T15:14:19","modified_gmt":"2025-09-15T08:14:19","slug":"trang-chu","status":"publish","type":"page","link":"https:\/\/thvietau.edu.vn\/","title":{"rendered":"Trang ch\u1ee7"},"content":{"rendered":"\t<section class=\"section\" id=\"section_1189589976\">\n\t\t<div class=\"bg section-bg fill bg-fill  bg-loaded\" >\n\n\t\t\t\n\t\t\t\n\t\t\t\n\n\t\t<\/div>\n\n\t\t\n\n\t\t<div class=\"section-content relative\">\n\t\t\t\n<div class=\"slider-wrapper relative\" id=\"slider-299356471\" >\n    <div class=\"slider slider-nav-circle slider-nav-large slider-nav-light slider-style-normal\"\n        data-flickity-options='{\n            \"cellAlign\": \"center\",\n            \"imagesLoaded\": true,\n            \"lazyLoad\": 1,\n            \"freeScroll\": false,\n            \"wrapAround\": true,\n            \"autoPlay\": 6000,\n            \"pauseAutoPlayOnHover\" : true,\n            \"prevNextButtons\": true,\n            \"contain\" : true,\n            \"adaptiveHeight\" : true,\n            \"dragThreshold\" : 10,\n            \"percentPosition\": true,\n            \"pageDots\": true,\n            \"rightToLeft\": false,\n            \"draggable\": true,\n            \"selectedAttraction\": 0.1,\n            \"parallax\" : 0,\n            \"friction\": 0.6        }'\n        >\n        \n\t<div class=\"img has-hover x md-x lg-x y md-y lg-y\" id=\"image_326256273\">\n\t\t\t\t\t\t\t\t<div class=\"img-inner dark\" >\n\t\t\t<img loading=\"lazy\" decoding=\"async\" width=\"1536\" height=\"610\" src=\"https:\/\/thvietau.edu.vn\/wp-content\/uploads\/2025\/09\/Untitled-3-1536x610-1.jpg\" class=\"attachment-original size-original\" alt=\"\" srcset=\"https:\/\/thvietau.edu.vn\/wp-content\/uploads\/2025\/09\/Untitled-3-1536x610-1.jpg 1536w, https:\/\/thvietau.edu.vn\/wp-content\/uploads\/2025\/09\/Untitled-3-1536x610-1-300x119.jpg 300w, https:\/\/thvietau.edu.vn\/wp-content\/uploads\/2025\/09\/Untitled-3-1536x610-1-1024x407.jpg 1024w, https:\/\/thvietau.edu.vn\/wp-content\/uploads\/2025\/09\/Untitled-3-1536x610-1-768x305.jpg 768w\" sizes=\"auto, (max-width: 1536px) 100vw, 1536px\" \/>\t\t\t\t\t\t\n\t\t\t\t\t<\/div>\n\t\t\t\t\t\t\t\t\n<style>\n#image_326256273 {\n  width: 100%;\n}\n<\/style>\n\t<\/div>\n\t\n     <\/div>\n\n     <div class=\"loading-spin dark large centered\"><\/div>\n\n          <style>\n            #slider-299356471 .flickity-slider > * { max-width: 1024px !important; }\n     <\/style>\n     \t<\/div>\n\n\n<div class=\"row\"  id=\"row-154190303\">\n\n\t<div id=\"col-309971727\" class=\"col small-12 large-12\"  >\n\t\t\t\t<div class=\"col-inner\"  >\n\t\t\t\n\t\t\t\n<h1 style=\"text-align: center;\"><span style=\"font-family: 'comic sans ms', sans-serif; color: #003366;\">CH\u00c0O M\u1eeaNG QU\u00dd PH\u1ee4 HUYNH \u0110\u1ebeN V\u1edaI VI\u1ec6T \u00c2U<\/span><\/h1>\n<h2 style=\"text-align: center;\"><span style=\"color: #ed1c24;\">TR\u01af\u1edcNG H\u1eccC H\u1ea0NH PH\u00daC<\/span><\/h2>\n<p style=\"text-align: center;\">Ng\u00f4i tr\u01b0\u1eddng ti\u00ean phong trong vi\u1ec7c x\u00e2y d\u1ef1ng m\u00f4i tr\u01b0\u1eddng gi\u00e1o d\u1ee5c hi\u1ec7n \u0111\u1ea1i, th\u00e2n thi\u1ec7n v\u00e0 s\u00e1ng t\u1ea1o d\u00e0nh cho h\u1ecdc sinh b\u1eadc ti\u1ec3u h\u1ecdc. V\u1edbi ph\u01b0\u01a1ng ch\u00e2m <strong data-start=\"350\" data-end=\"396\">\u201cH\u1ecdc t\u1eadp h\u1ea1nh ph\u00fac \u2013 Ph\u00e1t tri\u1ec3n to\u00e0n di\u1ec7n\u201d<\/strong>, nh\u00e0 tr\u01b0\u1eddng lu\u00f4n ch\u00fa tr\u1ecdng ph\u00e1t tri\u1ec3n \u0111\u1ed3ng \u0111\u1ec1u c\u1ea3 <strong data-start=\"447\" data-end=\"492\">ki\u1ebfn th\u1ee9c, k\u1ef9 n\u0103ng, th\u1ec3 ch\u1ea5t v\u00e0 nh\u00e2n c\u00e1ch<\/strong> cho h\u1ecdc sinh.<\/p>\n<div class=\"row\"  id=\"row-1275350374\">\n\n\t<div id=\"col-2077453935\" class=\"col medium-4 small-12 large-4\"  data-animate=\"fadeInLeft\">\n\t\t\t\t<div class=\"col-inner text-center box-shadow-3\" style=\"background-color:rgb(242, 242, 242);\" >\n\t\t\t\n\t\t\t\n<h3 style=\"text-align: center;\"><span style=\"color: #003366; font-family: 'comic sans ms', sans-serif;\">T\u1ea6M NH\u00ccN<\/span><\/h3>\n<hr \/>\n<p><span style=\"font-family: arial, helvetica, sans-serif;\">H\u01b0\u1edbng t\u1edbi tr\u1edf th\u00e0nh m\u1ed9t trong nh\u1eefng c\u01a1 s\u1edf gi\u00e1o d\u1ee5c ti\u1ec3u h\u1ecdc uy t\u00edn h\u00e0ng \u0111\u1ea7u, n\u01a1i h\u1ecdc sinh \u0111\u01b0\u1ee3c h\u1ecdc t\u1eadp trong m\u00f4i tr\u01b0\u1eddng hi\u1ec7n \u0111\u1ea1i, th\u00e2n thi\u1ec7n v\u00e0 \u0111\u1ea7y c\u1ea3m h\u1ee9ng. Nh\u00e0 tr\u01b0\u1eddng ph\u1ea5n \u0111\u1ea5u tr\u1edf th\u00e0nh \u0111i\u1ec3m \u0111\u1ebfn tin c\u1eady c\u1ee7a ph\u1ee5 huynh, \u0111\u1ed3ng h\u00e0nh c\u00f9ng th\u1ebf h\u1ec7 tr\u1ebb tr\u00ean h\u00e0nh tr\u00ecnh h\u00ecnh th\u00e0nh tri th\u1ee9c, nh\u00e2n c\u00e1ch v\u00e0 kh\u00e1t v\u1ecdng v\u01b0\u01a1n xa.<\/span><\/p>\n\t\t<\/div>\n\t\t\t\t\n<style>\n#col-2077453935 > .col-inner {\n  padding: 1px 1px 1px 1px;\n  margin: 2px 2px 2px 2px;\n  border-radius: 10px;\n}\n<\/style>\n\t<\/div>\n\n\t\n\n\t<div id=\"col-470932274\" class=\"col medium-4 small-12 large-4\"  data-animate=\"fadeInLeft\">\n\t\t\t\t<div class=\"col-inner text-center box-shadow-3\" style=\"background-color:rgb(242, 242, 242);\" >\n\t\t\t\n\t\t\t\n<h3 style=\"text-align: center;\"><span style=\"font-family: 'comic sans ms', sans-serif; color: #003366;\">S\u1ee8 M\u1ec6NH<\/span><\/h3>\n<hr \/>\n<p>Mang trong m\u00ecnh s\u1ee9 m\u1ec7nh x\u00e2y d\u1ef1ng m\u1ed9t m\u00f4i tr\u01b0\u1eddng gi\u00e1o d\u1ee5c h\u1ea1nh ph\u00fac, n\u01a1i h\u1ecdc sinh \u0111\u01b0\u1ee3c ph\u00e1t tri\u1ec3n to\u00e0n di\u1ec7n c\u1ea3 <strong data-start=\"239\" data-end=\"287\">tr\u00ed tu\u1ec7, th\u1ec3 ch\u1ea5t, tinh th\u1ea7n v\u00e0 k\u1ef9 n\u0103ng s\u1ed1ng<\/strong>. V\u1edbi \u0111\u1ed9i ng\u0169 gi\u00e1o vi\u00ean t\u1eadn t\u00e2m v\u00e0 s\u00e1ng t\u1ea1o, nh\u00e0 tr\u01b0\u1eddng lu\u00f4n l\u1ea5y h\u1ecdc sinh l\u00e0m trung t\u00e2m, kh\u00edch l\u1ec7 c\u00e1c em <strong data-start=\"392\" data-end=\"422\">t\u1ef1 tin, ch\u1ee7 \u0111\u1ed9ng, s\u00e1ng t\u1ea1o<\/strong> v\u00e0 bi\u1ebft y\u00eau th\u01b0\u01a1ng, s\u1ebb chia.<\/p>\n\t\t<\/div>\n\t\t\t\t\n<style>\n#col-470932274 > .col-inner {\n  padding: 1px 1px 1px 1px;\n  margin: 2px 2px 2px 2px;\n  border-radius: 10px;\n}\n<\/style>\n\t<\/div>\n\n\t\n\n\t<div id=\"col-913735182\" class=\"col medium-4 small-12 large-4\"  data-animate=\"fadeInLeft\">\n\t\t\t\t<div class=\"col-inner text-center box-shadow-3\" style=\"background-color:rgb(242, 242, 242);\" >\n\t\t\t\n\t\t\t\n<h3 style=\"text-align: center;\"><span style=\"color: #003366; font-family: 'comic sans ms', sans-serif;\">\u0110\u1ed8I NG\u0168 GI\u00c1O VI\u00caN<\/span><\/h3>\n<hr \/>\n<p>\u0110\u1ed9i ng\u0169 gi\u00e1o vi\u00ean gi\u00e0u kinh nghi\u1ec7m, t\u00e2m huy\u1ebft v\u00e0 t\u1eadn t\u00e2m v\u1edbi ngh\u1ec1 ch\u00ednh l\u00e0 n\u1ec1n t\u1ea3ng \u0111\u1ec3 m\u1ed7i gi\u1edd h\u1ecdc tr\u1edf th\u00e0nh m\u1ed9t h\u00e0nh tr\u00ecnh kh\u00e1m ph\u00e1 \u0111\u1ea7y h\u1ee9ng kh\u1edfi. B\u00ean c\u1ea1nh \u0111\u00f3, c\u01a1 s\u1edf v\u1eadt ch\u1ea5t khang trang, hi\u1ec7n \u0111\u1ea1i v\u00e0 c\u00e1c ho\u1ea1t \u0111\u1ed9ng ngo\u1ea1i kh\u00f3a \u0111a d\u1ea1ng gi\u00fap h\u1ecdc sinh \u0111\u01b0\u1ee3c r\u00e8n luy\u1ec7n, tr\u1ea3i nghi\u1ec7m, ph\u00e1t huy t\u1ed1i \u0111a n\u0103ng l\u1ef1c b\u1ea3n th\u00e2n.<\/p>\n\t\t<\/div>\n\t\t\t\t\n<style>\n#col-913735182 > .col-inner {\n  padding: 1px 1px 1px 1px;\n  margin: 2px 2px 2px 2px;\n  border-radius: 10px;\n}\n<\/style>\n\t<\/div>\n\n\t\n<\/div>\n\t\t<\/div>\n\t\t\t\t\t<\/div>\n\n\t\n<\/div>\n\t\t<\/div>\n\n\t\t\n<style>\n#section_1189589976 {\n  padding-top: 30px;\n  padding-bottom: 30px;\n}\n#section_1189589976 .ux-shape-divider--top svg {\n  height: 150px;\n  --divider-top-width: 100%;\n}\n#section_1189589976 .ux-shape-divider--bottom svg {\n  height: 150px;\n  --divider-width: 100%;\n}\n<\/style>\n\t<\/section>\n\t\n\t<section class=\"section\" id=\"section_1421689485\">\n\t\t<div class=\"bg section-bg fill bg-fill  bg-loaded\" >\n\n\t\t\t\n\t\t\t\n\t\t\t\n\n\t\t<\/div>\n\n\t\t\n\n\t\t<div class=\"section-content relative\">\n\t\t\t\n<div class=\"row\"  id=\"row-510193569\">\n\n\t<div id=\"col-33158907\" class=\"col small-12 large-12\"  >\n\t\t\t\t<div class=\"col-inner\"  >\n\t\t\t\n\t\t\t\n<h1 style=\"text-align: center;\"><span style=\"color: #003366; font-family: 'comic sans ms', sans-serif;\">GI\u00c1 TR\u1eca C\u1ed0T L\u00d5I<\/span><\/h1>\n<h2 style=\"text-align: center;\"><span style=\"color: #ff0000;\">TR\u01af\u1edcNG TI\u1ec2U H\u1eccC VI\u1ec6T \u00c2U<\/span><\/h2>\n<p style=\"text-align: center;\">Tr\u01b0\u1eddng Ti\u1ec3u h\u1ecdc Vi\u1ec7t \u00c2u lu\u00f4n \u0111\u1ec1 cao nh\u1eefng gi\u00e1 tr\u1ecb c\u1ed1t l\u00f5i trong gi\u00e1o d\u1ee5c: <span style=\"color: #808080;\"><strong>Ch\u00ednh tr\u1ef1c &#8211; \u0110\u1ed5i m\u1edbi &#8211;<\/strong> <\/span><strong data-start=\"198\" data-end=\"259\"><span style=\"color: #808080;\">Y\u00eau th\u01b0\u01a1ng \u2013 T\u00f4n tr\u1ecdng \u2013 Tr\u00e1ch nhi\u1ec7m \u2013 S\u00e1ng t\u1ea1o<\/span><\/strong>. \u0110\u00e2y l\u00e0 kim ch\u1ec9 nam \u0111\u1ec3 nh\u00e0 tr\u01b0\u1eddng x\u00e2y d\u1ef1ng m\u1ed9t <span style=\"color: #333333;\">m\u00f4i<\/span> tr\u01b0\u1eddng h\u1ecdc t\u1eadp th\u00e2n thi\u1ec7n, n\u01a1i h\u1ecdc sinh \u0111\u01b0\u1ee3c kh\u00edch l\u1ec7 ph\u00e1t tri\u1ec3n n\u0103ng l\u1ef1c, h\u00ecnh th\u00e0nh nh\u00e2n c\u00e1ch t\u1ed1t \u0111\u1eb9p v\u00e0 nu\u00f4i d\u01b0\u1ee1ng tinh th\u1ea7n nh\u00e2n \u00e1i. Nh\u1eefng gi\u00e1 tr\u1ecb \u1ea5y kh\u00f4ng ch\u1ec9 g\u1eafn k\u1ebft th\u1ea7y tr\u00f2, ph\u1ee5 huynh v\u00e0 c\u1ed9ng \u0111\u1ed3ng m\u00e0 c\u00f2n l\u00e0 n\u1ec1n t\u1ea3ng v\u1eefng ch\u1eafc \u0111\u1ec3 h\u1ecdc sinh t\u1ef1 tin b\u01b0\u1edbc v\u00e0o t\u01b0\u01a1ng lai.<\/p>\n\t\t<\/div>\n\t\t\t\t\t<\/div>\n\n\t\n<\/div>\n<div class=\"row\"  id=\"row-479987708\">\n\n\t<div id=\"col-651878912\" class=\"col medium-2 small-12 large-2 col-hover-focus\"  data-animate=\"fadeInUp\">\n\t\t\t\t<div class=\"col-inner\"  >\n\t\t\t\n\t\t\t\n\t<div class=\"box has-hover   has-hover box-text-bottom\" >\n\n\t\t<div class=\"box-image\" >\n\t\t\t\t\t\t<div class=\"\" >\n\t\t\t\t<img loading=\"lazy\" decoding=\"async\" width=\"500\" height=\"500\" src=\"https:\/\/thvietau.edu.vn\/wp-content\/uploads\/2025\/09\/chinh-truc-2.png\" class=\"attachment- size-\" alt=\"\" srcset=\"https:\/\/thvietau.edu.vn\/wp-content\/uploads\/2025\/09\/chinh-truc-2.png 500w, https:\/\/thvietau.edu.vn\/wp-content\/uploads\/2025\/09\/chinh-truc-2-300x300.png 300w, https:\/\/thvietau.edu.vn\/wp-content\/uploads\/2025\/09\/chinh-truc-2-150x150.png 150w\" sizes=\"auto, (max-width: 500px) 100vw, 500px\" \/>\t\t\t\t\t\t\t\t\t\t\t<\/div>\n\t\t\t\t\t<\/div>\n\n\t\t<div class=\"box-text text-center\" >\n\t\t\t<div class=\"box-text-inner\">\n\t\t\t\t\n<h3>Ch\u00ednh tr\u1ef1c<\/h3>\n\t\t\t<\/div>\n\t\t<\/div>\n\t<\/div>\n\t\n\t\t<\/div>\n\t\t\t\t\t<\/div>\n\n\t\n\n\t<div id=\"col-1440767195\" class=\"col medium-2 small-12 large-2\"  >\n\t\t\t\t<div class=\"col-inner\"  >\n\t\t\t\n\t\t\t\n\t<div class=\"box has-hover   has-hover box-text-bottom\" >\n\n\t\t<div class=\"box-image\" >\n\t\t\t\t\t\t<div class=\"\" >\n\t\t\t\t<img loading=\"lazy\" decoding=\"async\" width=\"500\" height=\"500\" src=\"https:\/\/thvietau.edu.vn\/wp-content\/uploads\/2025\/09\/doi-moi.png\" class=\"attachment- size-\" alt=\"\" srcset=\"https:\/\/thvietau.edu.vn\/wp-content\/uploads\/2025\/09\/doi-moi.png 500w, https:\/\/thvietau.edu.vn\/wp-content\/uploads\/2025\/09\/doi-moi-300x300.png 300w, https:\/\/thvietau.edu.vn\/wp-content\/uploads\/2025\/09\/doi-moi-150x150.png 150w\" sizes=\"auto, (max-width: 500px) 100vw, 500px\" \/>\t\t\t\t\t\t\t\t\t\t\t<\/div>\n\t\t\t\t\t<\/div>\n\n\t\t<div class=\"box-text text-center\" >\n\t\t\t<div class=\"box-text-inner\">\n\t\t\t\t\n<h3>\u0110\u1ed5i m\u1edbi<\/h3>\n\t\t\t<\/div>\n\t\t<\/div>\n\t<\/div>\n\t\n\t\t<\/div>\n\t\t\t\t\t<\/div>\n\n\t\n\n\t<div id=\"col-687857259\" class=\"col medium-2 small-12 large-2\"  >\n\t\t\t\t<div class=\"col-inner\"  >\n\t\t\t\n\t\t\t\n\t<div class=\"box has-hover   has-hover box-text-bottom\" >\n\n\t\t<div class=\"box-image\" >\n\t\t\t\t\t\t<div class=\"\" >\n\t\t\t\t<img loading=\"lazy\" decoding=\"async\" width=\"500\" height=\"500\" src=\"https:\/\/thvietau.edu.vn\/wp-content\/uploads\/2025\/09\/yeu-thuong.png\" class=\"attachment- size-\" alt=\"\" srcset=\"https:\/\/thvietau.edu.vn\/wp-content\/uploads\/2025\/09\/yeu-thuong.png 500w, https:\/\/thvietau.edu.vn\/wp-content\/uploads\/2025\/09\/yeu-thuong-300x300.png 300w, https:\/\/thvietau.edu.vn\/wp-content\/uploads\/2025\/09\/yeu-thuong-150x150.png 150w\" sizes=\"auto, (max-width: 500px) 100vw, 500px\" \/>\t\t\t\t\t\t\t\t\t\t\t<\/div>\n\t\t\t\t\t<\/div>\n\n\t\t<div class=\"box-text text-center\" >\n\t\t\t<div class=\"box-text-inner\">\n\t\t\t\t\n<h3>Y\u00eau th\u01b0\u01a1ng<\/h3>\n\t\t\t<\/div>\n\t\t<\/div>\n\t<\/div>\n\t\n\t\t<\/div>\n\t\t\t\t\t<\/div>\n\n\t\n\n\t<div id=\"col-931526332\" class=\"col medium-2 small-12 large-2\"  >\n\t\t\t\t<div class=\"col-inner\"  >\n\t\t\t\n\t\t\t\n\t<div class=\"box has-hover   has-hover box-text-bottom\" >\n\n\t\t<div class=\"box-image\" >\n\t\t\t\t\t\t<div class=\"\" >\n\t\t\t\t<img loading=\"lazy\" decoding=\"async\" width=\"500\" height=\"500\" src=\"https:\/\/thvietau.edu.vn\/wp-content\/uploads\/2025\/09\/ton-trong.png\" class=\"attachment- size-\" alt=\"\" srcset=\"https:\/\/thvietau.edu.vn\/wp-content\/uploads\/2025\/09\/ton-trong.png 500w, https:\/\/thvietau.edu.vn\/wp-content\/uploads\/2025\/09\/ton-trong-300x300.png 300w, https:\/\/thvietau.edu.vn\/wp-content\/uploads\/2025\/09\/ton-trong-150x150.png 150w\" sizes=\"auto, (max-width: 500px) 100vw, 500px\" \/>\t\t\t\t\t\t\t\t\t\t\t<\/div>\n\t\t\t\t\t<\/div>\n\n\t\t<div class=\"box-text text-center\" >\n\t\t\t<div class=\"box-text-inner\">\n\t\t\t\t\n<h3>T\u00f4n tr\u1ecdng<\/h3>\n\t\t\t<\/div>\n\t\t<\/div>\n\t<\/div>\n\t\n\t\t<\/div>\n\t\t\t\t\t<\/div>\n\n\t\n\n\t<div id=\"col-1664151955\" class=\"col medium-2 small-12 large-2\"  >\n\t\t\t\t<div class=\"col-inner\"  >\n\t\t\t\n\t\t\t\n\t<div class=\"box has-hover   has-hover box-text-bottom\" >\n\n\t\t<div class=\"box-image\" >\n\t\t\t\t\t\t<div class=\"\" >\n\t\t\t\t<img loading=\"lazy\" decoding=\"async\" width=\"500\" height=\"500\" src=\"https:\/\/thvietau.edu.vn\/wp-content\/uploads\/2025\/09\/trach-nhiem.png\" class=\"attachment- size-\" alt=\"\" srcset=\"https:\/\/thvietau.edu.vn\/wp-content\/uploads\/2025\/09\/trach-nhiem.png 500w, https:\/\/thvietau.edu.vn\/wp-content\/uploads\/2025\/09\/trach-nhiem-300x300.png 300w, https:\/\/thvietau.edu.vn\/wp-content\/uploads\/2025\/09\/trach-nhiem-150x150.png 150w\" sizes=\"auto, (max-width: 500px) 100vw, 500px\" \/>\t\t\t\t\t\t\t\t\t\t\t<\/div>\n\t\t\t\t\t<\/div>\n\n\t\t<div class=\"box-text text-center\" >\n\t\t\t<div class=\"box-text-inner\">\n\t\t\t\t\n<h4>A title<\/h4>\n<p>Image Box text<\/p>\n\t\t\t<\/div>\n\t\t<\/div>\n\t<\/div>\n\t\n\t\t<\/div>\n\t\t\t\t\t<\/div>\n\n\t\n\n\t<div id=\"col-1643328721\" class=\"col medium-2 small-12 large-2\"  >\n\t\t\t\t<div class=\"col-inner\"  >\n\t\t\t\n\t\t\t\n\t<div class=\"box has-hover   has-hover box-text-bottom\" >\n\n\t\t<div class=\"box-image\" >\n\t\t\t\t\t\t<div class=\"\" >\n\t\t\t\t<img loading=\"lazy\" decoding=\"async\" width=\"500\" height=\"500\" src=\"https:\/\/thvietau.edu.vn\/wp-content\/uploads\/2025\/09\/sang-tao.png\" class=\"attachment- size-\" alt=\"\" srcset=\"https:\/\/thvietau.edu.vn\/wp-content\/uploads\/2025\/09\/sang-tao.png 500w, https:\/\/thvietau.edu.vn\/wp-content\/uploads\/2025\/09\/sang-tao-300x300.png 300w, https:\/\/thvietau.edu.vn\/wp-content\/uploads\/2025\/09\/sang-tao-150x150.png 150w\" sizes=\"auto, (max-width: 500px) 100vw, 500px\" \/>\t\t\t\t\t\t\t\t\t\t\t<\/div>\n\t\t\t\t\t<\/div>\n\n\t\t<div class=\"box-text text-center\" >\n\t\t\t<div class=\"box-text-inner\">\n\t\t\t\t\n<h4>A title<\/h4>\n<p>Image Box text<\/p>\n\t\t\t<\/div>\n\t\t<\/div>\n\t<\/div>\n\t\n\t\t<\/div>\n\t\t\t\t\t<\/div>\n\n\t\n<\/div>\n\t\t<\/div>\n\n\t\t\n<style>\n#section_1421689485 {\n  padding-top: 30px;\n  padding-bottom: 30px;\n}\n#section_1421689485 .ux-shape-divider--top svg {\n  height: 150px;\n  --divider-top-width: 100%;\n}\n#section_1421689485 .ux-shape-divider--bottom svg {\n  height: 150px;\n  --divider-width: 100%;\n}\n<\/style>\n\t<\/section>\n\t\n\t<section class=\"section\" id=\"section_260548742\">\n\t\t<div class=\"bg section-bg fill bg-fill  bg-loaded\" >\n\n\t\t\t\n\t\t\t\n\t\t\t\n\n\t\t<\/div>\n\n\t\t\n\n\t\t<div class=\"section-content relative\">\n\t\t\t\n<div class=\"row\"  id=\"row-932519900\">\n\n\t<div id=\"col-415015478\" class=\"col small-12 large-12\"  >\n\t\t\t\t<div class=\"col-inner\"  >\n\t\t\t\n\t\t\t\n<h1 style=\"text-align: center;\"><span style=\"font-family: 'comic sans ms', sans-serif; color: #003366;\">THAM QUAN TR\u01af\u1edcNG TI\u1ec2U H\u1eccC VI\u1ec6T \u00c2U<\/span><\/h1>\n<p style=\"text-align: center;\">Tr\u01b0\u1eddng Ti\u1ec3u h\u1ecdc Vi\u1ec7t \u00c2u tr\u00e2n tr\u1ecdng k\u00ednh m\u1eddi Qu\u00fd ph\u1ee5 huynh \u0111\u1ebfn tham quan v\u00e0 tr\u1ea3i nghi\u1ec7m tr\u1ef1c ti\u1ebfp m\u00f4i tr\u01b0\u1eddng h\u1ecdc t\u1eadp hi\u1ec7n \u0111\u1ea1i, th\u00e2n thi\u1ec7n c\u00f9ng c\u01a1 s\u1edf v\u1eadt ch\u1ea5t khang trang c\u1ee7a nh\u00e0 tr\u01b0\u1eddng. \u0110\u00e2y l\u00e0 c\u01a1 h\u1ed9i \u0111\u1ec3 Qu\u00fd ph\u1ee5 huynh g\u1eb7p g\u1ee1 \u0111\u1ed9i ng\u0169 gi\u00e1o vi\u00ean t\u00e2m huy\u1ebft, t\u00ecm hi\u1ec3u ch\u01b0\u01a1ng tr\u00ecnh gi\u1ea3ng d\u1ea1y, c\u0169ng nh\u01b0 c\u1ea3m nh\u1eadn kh\u00f4ng kh\u00ed h\u1ecdc t\u1eadp h\u1ea1nh ph\u00fac m\u00e0 c\u00e1c em h\u1ecdc sinh \u0111ang \u0111\u01b0\u1ee3c th\u1ee5 h\u01b0\u1edfng. S\u1ef1 hi\u1ec7n di\u1ec7n c\u1ee7a Qu\u00fd ph\u1ee5 huynh l\u00e0 ni\u1ec1m vinh h\u1ea1nh, \u0111\u1ed3ng th\u1eddi l\u00e0 b\u01b0\u1edbc kh\u1edfi \u0111\u1ea7u \u0111\u1ec3 c\u00f9ng nhau \u0111\u1ed3ng h\u00e0nh tr\u00ean ch\u1eb7ng \u0111\u01b0\u1eddng gieo m\u1ea7m tri th\u1ee9c v\u00e0 nu\u00f4i d\u01b0\u1ee1ng \u01b0\u1edbc m\u01a1 cho con tr\u1ebb.<\/p>\n<div class=\"row\"  id=\"row-676226614\">\n\n\t<div id=\"col-1328718858\" class=\"col medium-3 small-6 large-3\"  >\n\t\t\t\t<div class=\"col-inner\"  >\n\t\t\t\n\t\t\t\n\t\t<\/div>\n\t\t\t\t\t<\/div>\n\n\t\n\n\t<div id=\"col-1825295780\" class=\"col medium-3 small-6 large-3\"  >\n\t\t\t\t<div class=\"col-inner\"  >\n\t\t\t\n\t\t\t\n<a class=\"button alert lowercase\"  style=\"border-radius:10px;\">\n    <span>\u0110\u0103ng k\u00fd tham quan<\/span>\n  <\/a>\n\n\t\t<\/div>\n\t\t\t\t\t<\/div>\n\n\t\n\n\t<div id=\"col-1060434742\" class=\"col medium-3 small-6 large-3\"  >\n\t\t\t\t<div class=\"col-inner\"  >\n\t\t\t\n\t\t\t\n<a class=\"button alert lowercase\"  style=\"border-radius:10px;\">\n    <span>\u0111\u0103ng k\u00fd tuy\u1ec3n sinh<\/span>\n  <\/a>\n\n\t\t<\/div>\n\t\t\t\t\t<\/div>\n\n\t\n\n\t<div id=\"col-352560596\" class=\"col medium-3 small-6 large-3\"  >\n\t\t\t\t<div class=\"col-inner\"  >\n\t\t\t\n\t\t\t\n\t\t<\/div>\n\t\t\t\t\t<\/div>\n\n\t\n<\/div>\n\t\t<\/div>\n\t\t\t\t\t<\/div>\n\n\t\n<\/div>\n\t\t<\/div>\n\n\t\t\n<style>\n#section_260548742 {\n  padding-top: 30px;\n  padding-bottom: 30px;\n}\n#section_260548742 .ux-shape-divider--top svg {\n  height: 150px;\n  --divider-top-width: 100%;\n}\n#section_260548742 .ux-shape-divider--bottom svg {\n  height: 150px;\n  --divider-width: 100%;\n}\n<\/style>\n\t<\/section>\n\t\n","protected":false},"excerpt":{"rendered":"","protected":false},"author":1,"featured_media":0,"parent":0,"menu_order":0,"comment_status":"closed","ping_status":"closed","template":"","meta":{"footnotes":""},"class_list":["post-15","page","type-page","status-publish","hentry"],"_links":{"self":[{"href":"https:\/\/thvietau.edu.vn\/index.php\/wp-json\/wp\/v2\/pages\/15","targetHints":{"allow":["GET"]}}],"collection":[{"href":"https:\/\/thvietau.edu.vn\/index.php\/wp-json\/wp\/v2\/pages"}],"about":[{"href":"https:\/\/thvietau.edu.vn\/index.php\/wp-json\/wp\/v2\/types\/page"}],"author":[{"embeddable":true,"href":"https:\/\/thvietau.edu.vn\/index.php\/wp-json\/wp\/v2\/users\/1"}],"replies":[{"embeddable":true,"href":"https:\/\/thvietau.edu.vn\/index.php\/wp-json\/wp\/v2\/comments?post=15"}],"version-history":[{"count":11,"href":"https:\/\/thvietau.edu.vn\/index.php\/wp-json\/wp\/v2\/pages\/15\/revisions"}],"predecessor-version":[{"id":64,"href":"https:\/\/thvietau.edu.vn\/index.php\/wp-json\/wp\/v2\/pages\/15\/revisions\/64"}],"wp:attachment":[{"href":"https:\/\/thvietau.edu.vn\/index.php\/wp-json\/wp\/v2\/media?parent=15"}],"curies":[{"name":"wp","href":"https:\/\/api.w.org\/{rel}","templated":true}]}}