{"id":18,"date":"2025-09-10T14:03:06","date_gmt":"2025-09-10T07:03:06","guid":{"rendered":"https:\/\/thvietau.edu.vn\/?page_id=18"},"modified":"2025-09-15T15:57:56","modified_gmt":"2025-09-15T08:57:56","slug":"gioi-thieu","status":"publish","type":"page","link":"https:\/\/thvietau.edu.vn\/index.php\/gioi-thieu\/","title":{"rendered":"Gi\u1edbi thi\u1ec7u"},"content":{"rendered":"\t<section class=\"section\" id=\"section_887174069\">\n\t\t<div class=\"bg section-bg fill bg-fill  bg-loaded\" >\n\n\t\t\t\n\t\t\t\n\t\t\t\n\n\t\t<\/div>\n\n\t\t\n\n\t\t<div class=\"section-content relative\">\n\t\t\t\n<h1 data-start=\"182\" data-end=\"601\"><span style=\"font-family: 'comic sans ms', sans-serif; color: #003366;\">GI\u1edaI THI\u1ec6U V\u1ec0 TR\u01af\u1edcNG<\/span><\/h1>\n<p data-start=\"182\" data-end=\"601\">Tr\u01b0\u1eddng Ti\u1ec3u h\u1ecdc Vi\u1ec7t \u00c2u l\u00e0 ng\u00f4i tr\u01b0\u1eddng \u0111\u01b0\u1ee3c x\u00e2y d\u1ef1ng v\u1edbi s\u1ee9 m\u1ec7nh mang \u0111\u1ebfn cho h\u1ecdc sinh b\u1eadc ti\u1ec3u h\u1ecdc m\u1ed9t m\u00f4i tr\u01b0\u1eddng h\u1ecdc t\u1eadp <strong data-start=\"305\" data-end=\"342\">hi\u1ec7n \u0111\u1ea1i, th\u00e2n thi\u1ec7n v\u00e0 h\u1ea1nh ph\u00fac<\/strong>. V\u1edbi ph\u01b0\u01a1ng ch\u00e2m <strong data-start=\"360\" data-end=\"406\">\u201cH\u1ecdc t\u1eadp h\u1ea1nh ph\u00fac \u2013 Ph\u00e1t tri\u1ec3n to\u00e0n di\u1ec7n\u201d<\/strong>, nh\u00e0 tr\u01b0\u1eddng kh\u00f4ng ch\u1ec9 ch\u00fa tr\u1ecdng trang b\u1ecb ki\u1ebfn th\u1ee9c v\u1eefng ch\u1eafc, m\u00e0 c\u00f2n \u0111\u1ed3ng h\u00e0nh trong vi\u1ec7c b\u1ed3i d\u01b0\u1ee1ng k\u1ef9 n\u0103ng s\u1ed1ng, r\u00e8n luy\u1ec7n th\u1ec3 ch\u1ea5t, nu\u00f4i d\u01b0\u1ee1ng t\u00e2m h\u1ed3n v\u00e0 kh\u01a1i g\u1ee3i s\u1ef1 s\u00e1ng t\u1ea1o \u1edf m\u1ed7i h\u1ecdc sinh.<\/p>\n<p data-start=\"603\" data-end=\"997\">\u0110i\u1ec3m n\u1ed5i b\u1eadt c\u1ee7a Tr\u01b0\u1eddng Ti\u1ec3u h\u1ecdc Vi\u1ec7t \u00c2u l\u00e0 <strong data-start=\"647\" data-end=\"729\">\u0111\u1ed9i ng\u0169 gi\u00e1o vi\u00ean gi\u00e0u kinh nghi\u1ec7m, t\u00e2m huy\u1ebft, lu\u00f4n l\u1ea5y h\u1ecdc sinh l\u00e0m trung t\u00e2m<\/strong>, c\u00f9ng c\u01a1 s\u1edf v\u1eadt ch\u1ea5t khang trang, hi\u1ec7n \u0111\u1ea1i, \u0111\u00e1p \u1ee9ng nhu c\u1ea7u h\u1ecdc t\u1eadp \u2013 vui ch\u01a1i \u2013 r\u00e8n luy\u1ec7n to\u00e0n di\u1ec7n. C\u00e1c ho\u1ea1t \u0111\u1ed9ng ngo\u1ea1i kh\u00f3a, tr\u1ea3i nghi\u1ec7m s\u00e1ng t\u1ea1o v\u00e0 ch\u01b0\u01a1ng tr\u00ecnh h\u1ecdc phong ph\u00fa gi\u00fap h\u1ecdc sinh t\u1ef1 tin, ch\u1ee7 \u0111\u1ed9ng v\u00e0 s\u1eb5n s\u00e0ng h\u1ed9i nh\u1eadp trong m\u00f4i tr\u01b0\u1eddng gi\u00e1o d\u1ee5c qu\u1ed1c t\u1ebf.<\/p>\n<p data-start=\"999\" data-end=\"1196\">Tr\u01b0\u1eddng Ti\u1ec3u h\u1ecdc Vi\u1ec7t \u00c2u t\u1ef1 h\u00e0o l\u00e0 <strong data-start=\"1033\" data-end=\"1053\">ng\u00f4i nh\u00e0 th\u1ee9 hai<\/strong> c\u1ee7a c\u00e1c em nh\u1ecf \u2013 n\u01a1i nu\u00f4i d\u01b0\u1ee1ng tri th\u1ee9c, nh\u00e2n c\u00e1ch v\u00e0 \u01b0\u1edbc m\u01a1, \u0111\u1ec3 c\u00e1c em tr\u1edf th\u00e0nh nh\u1eefng c\u00f4ng d\u00e2n t\u01b0\u01a1ng lai <strong data-start=\"1162\" data-end=\"1193\">t\u1ef1 tin, nh\u00e2n \u00e1i v\u00e0 b\u1ea3n l\u0129nh<\/strong>.<\/p>\n<h3 class=\"accordion_title\">H\u1ed3 s\u01a1 ph\u00e1p l\u00fd - Tr\u01b0\u1eddng ti\u1ec3u h\u1ecdc Vi\u1ec7t \u00c2u<\/h3><div class=\"accordion\">\n<div id=\"accordion-3951101400\" class=\"accordion-item\"><a id=\"accordion-3951101400-label\" href=\"#\" class=\"accordion-title plain\" aria-expanded=\"false\" aria-controls=\"accordion-3951101400-content\"><button class=\"toggle\" aria-label=\"Toggle\"><i class=\"icon-angle-down\"><\/i><\/button><span>Quy\u1ebft \u0111\u1ecbnh th\u00e0nh l\u1eadp Tr\u01b0\u1eddng ti\u1ec3u h\u1ecdc Vi\u1ec7t \u00c2u<\/span><\/a><div id=\"accordion-3951101400-content\" class=\"accordion-inner\" aria-labelledby=\"accordion-3951101400-label\">\n\t<div class=\"img has-hover x md-x lg-x y md-y lg-y\" id=\"image_2090929312\">\n\t\t\t\t\t\t\t\t<div class=\"img-inner dark\" >\n\t\t\t<img loading=\"lazy\" decoding=\"async\" width=\"724\" height=\"1024\" src=\"https:\/\/thvietau.edu.vn\/wp-content\/uploads\/2025\/09\/2531.QD-thanh-lap_page-0001-724x1024.jpg\" class=\"attachment-large size-large\" alt=\"\" srcset=\"https:\/\/thvietau.edu.vn\/wp-content\/uploads\/2025\/09\/2531.QD-thanh-lap_page-0001-724x1024.jpg 724w, https:\/\/thvietau.edu.vn\/wp-content\/uploads\/2025\/09\/2531.QD-thanh-lap_page-0001-212x300.jpg 212w, https:\/\/thvietau.edu.vn\/wp-content\/uploads\/2025\/09\/2531.QD-thanh-lap_page-0001-768x1087.jpg 768w, https:\/\/thvietau.edu.vn\/wp-content\/uploads\/2025\/09\/2531.QD-thanh-lap_page-0001-1085x1536.jpg 1085w, https:\/\/thvietau.edu.vn\/wp-content\/uploads\/2025\/09\/2531.QD-thanh-lap_page-0001.jpg 1240w\" sizes=\"auto, (max-width: 724px) 100vw, 724px\" \/>\t\t\t\t\t\t\n\t\t\t\t\t<\/div>\n\t\t\t\t\t\t\t\t\n<style>\n#image_2090929312 {\n  width: 100%;\n}\n<\/style>\n\t<\/div>\n\t\n\t<div class=\"img has-hover x md-x lg-x y md-y lg-y\" id=\"image_139803475\">\n\t\t\t\t\t\t\t\t<div class=\"img-inner dark\" >\n\t\t\t<img loading=\"lazy\" decoding=\"async\" width=\"724\" height=\"1024\" src=\"https:\/\/thvietau.edu.vn\/wp-content\/uploads\/2025\/09\/2531.QD-thanh-lap_page-0002-724x1024.jpg\" class=\"attachment-large size-large\" alt=\"\" srcset=\"https:\/\/thvietau.edu.vn\/wp-content\/uploads\/2025\/09\/2531.QD-thanh-lap_page-0002-724x1024.jpg 724w, https:\/\/thvietau.edu.vn\/wp-content\/uploads\/2025\/09\/2531.QD-thanh-lap_page-0002-212x300.jpg 212w, https:\/\/thvietau.edu.vn\/wp-content\/uploads\/2025\/09\/2531.QD-thanh-lap_page-0002-768x1087.jpg 768w, https:\/\/thvietau.edu.vn\/wp-content\/uploads\/2025\/09\/2531.QD-thanh-lap_page-0002-1085x1536.jpg 1085w, https:\/\/thvietau.edu.vn\/wp-content\/uploads\/2025\/09\/2531.QD-thanh-lap_page-0002.jpg 1240w\" sizes=\"auto, (max-width: 724px) 100vw, 724px\" \/>\t\t\t\t\t\t\n\t\t\t\t\t<\/div>\n\t\t\t\t\t\t\t\t\n<style>\n#image_139803475 {\n  width: 100%;\n}\n<\/style>\n\t<\/div>\n\t\n<\/div><\/div>\n<div id=\"accordion-1956403900\" class=\"accordion-item\"><a id=\"accordion-1956403900-label\" href=\"#\" class=\"accordion-title plain\" aria-expanded=\"false\" aria-controls=\"accordion-1956403900-content\"><button class=\"toggle\" aria-label=\"Toggle\"><i class=\"icon-angle-down\"><\/i><\/button><span>Quy\u1ebft \u0111\u1ecbnh cho ph\u00e9p ho\u1ea1t \u0111\u1ed9ng Tr\u01b0\u1eddng ti\u1ec3u h\u1ecdc Vi\u1ec7t \u00c2u<\/span><\/a><div id=\"accordion-1956403900-content\" class=\"accordion-inner\" aria-labelledby=\"accordion-1956403900-label\">\n\t<div class=\"img has-hover x md-x lg-x y md-y lg-y\" id=\"image_713643738\">\n\t\t\t\t\t\t\t\t<div class=\"img-inner dark\" >\n\t\t\t<img loading=\"lazy\" decoding=\"async\" width=\"724\" height=\"1024\" src=\"https:\/\/thvietau.edu.vn\/wp-content\/uploads\/2025\/09\/155.Giay-phep-hoat-dong-truong_page-0001-724x1024.jpg\" class=\"attachment-large size-large\" alt=\"\" srcset=\"https:\/\/thvietau.edu.vn\/wp-content\/uploads\/2025\/09\/155.Giay-phep-hoat-dong-truong_page-0001-724x1024.jpg 724w, https:\/\/thvietau.edu.vn\/wp-content\/uploads\/2025\/09\/155.Giay-phep-hoat-dong-truong_page-0001-212x300.jpg 212w, https:\/\/thvietau.edu.vn\/wp-content\/uploads\/2025\/09\/155.Giay-phep-hoat-dong-truong_page-0001-768x1087.jpg 768w, https:\/\/thvietau.edu.vn\/wp-content\/uploads\/2025\/09\/155.Giay-phep-hoat-dong-truong_page-0001-1085x1536.jpg 1085w, https:\/\/thvietau.edu.vn\/wp-content\/uploads\/2025\/09\/155.Giay-phep-hoat-dong-truong_page-0001.jpg 1240w\" sizes=\"auto, (max-width: 724px) 100vw, 724px\" \/>\t\t\t\t\t\t\n\t\t\t\t\t<\/div>\n\t\t\t\t\t\t\t\t\n<style>\n#image_713643738 {\n  width: 100%;\n}\n<\/style>\n\t<\/div>\n\t\n\t<div class=\"img has-hover x md-x lg-x y md-y lg-y\" id=\"image_1507781099\">\n\t\t\t\t\t\t\t\t<div class=\"img-inner dark\" >\n\t\t\t<img loading=\"lazy\" decoding=\"async\" width=\"724\" height=\"1024\" src=\"https:\/\/thvietau.edu.vn\/wp-content\/uploads\/2025\/09\/155.Giay-phep-hoat-dong-truong_page-0002-724x1024.jpg\" class=\"attachment-large size-large\" alt=\"\" srcset=\"https:\/\/thvietau.edu.vn\/wp-content\/uploads\/2025\/09\/155.Giay-phep-hoat-dong-truong_page-0002-724x1024.jpg 724w, https:\/\/thvietau.edu.vn\/wp-content\/uploads\/2025\/09\/155.Giay-phep-hoat-dong-truong_page-0002-212x300.jpg 212w, https:\/\/thvietau.edu.vn\/wp-content\/uploads\/2025\/09\/155.Giay-phep-hoat-dong-truong_page-0002-768x1087.jpg 768w, https:\/\/thvietau.edu.vn\/wp-content\/uploads\/2025\/09\/155.Giay-phep-hoat-dong-truong_page-0002-1085x1536.jpg 1085w, https:\/\/thvietau.edu.vn\/wp-content\/uploads\/2025\/09\/155.Giay-phep-hoat-dong-truong_page-0002.jpg 1240w\" sizes=\"auto, (max-width: 724px) 100vw, 724px\" \/>\t\t\t\t\t\t\n\t\t\t\t\t<\/div>\n\t\t\t\t\t\t\t\t\n<style>\n#image_1507781099 {\n  width: 100%;\n}\n<\/style>\n\t<\/div>\n\t\n<\/div><\/div>\n<div id=\"accordion-2403868613\" class=\"accordion-item\"><a id=\"accordion-2403868613-label\" href=\"#\" class=\"accordion-title plain\" aria-expanded=\"false\" aria-controls=\"accordion-2403868613-content\"><button class=\"toggle\" aria-label=\"Toggle\"><i class=\"icon-angle-down\"><\/i><\/button><span>Quy\u1ebft \u0111\u1ecbnh c\u00f4ng nh\u1eadn Hi\u1ec7u tr\u01b0\u1edfng Tr\u01b0\u1eddng ti\u1ec3u h\u1ecdc Vi\u1ec7t \u00c2u<\/span><\/a><div id=\"accordion-2403868613-content\" class=\"accordion-inner\" aria-labelledby=\"accordion-2403868613-label\">\n\t<div class=\"img has-hover x md-x lg-x y md-y lg-y\" id=\"image_585185513\">\n\t\t\t\t\t\t\t\t<div class=\"img-inner dark\" >\n\t\t\t<img loading=\"lazy\" decoding=\"async\" width=\"724\" height=\"1024\" src=\"https:\/\/thvietau.edu.vn\/wp-content\/uploads\/2025\/09\/3961.Cong-nhan-hieu-truong_page-0001-724x1024.jpg\" class=\"attachment-large size-large\" alt=\"\" srcset=\"https:\/\/thvietau.edu.vn\/wp-content\/uploads\/2025\/09\/3961.Cong-nhan-hieu-truong_page-0001-724x1024.jpg 724w, https:\/\/thvietau.edu.vn\/wp-content\/uploads\/2025\/09\/3961.Cong-nhan-hieu-truong_page-0001-212x300.jpg 212w, https:\/\/thvietau.edu.vn\/wp-content\/uploads\/2025\/09\/3961.Cong-nhan-hieu-truong_page-0001-768x1087.jpg 768w, https:\/\/thvietau.edu.vn\/wp-content\/uploads\/2025\/09\/3961.Cong-nhan-hieu-truong_page-0001-1085x1536.jpg 1085w, https:\/\/thvietau.edu.vn\/wp-content\/uploads\/2025\/09\/3961.Cong-nhan-hieu-truong_page-0001.jpg 1240w\" sizes=\"auto, (max-width: 724px) 100vw, 724px\" \/>\t\t\t\t\t\t\n\t\t\t\t\t<\/div>\n\t\t\t\t\t\t\t\t\n<style>\n#image_585185513 {\n  width: 100%;\n}\n<\/style>\n\t<\/div>\n\t\n\t<div class=\"img has-hover x md-x lg-x y md-y lg-y\" id=\"image_411068850\">\n\t\t\t\t\t\t\t\t<div class=\"img-inner dark\" >\n\t\t\t<img loading=\"lazy\" decoding=\"async\" width=\"724\" height=\"1024\" src=\"https:\/\/thvietau.edu.vn\/wp-content\/uploads\/2025\/09\/3961.Cong-nhan-hieu-truong_page-0002-724x1024.jpg\" class=\"attachment-large size-large\" alt=\"\" srcset=\"https:\/\/thvietau.edu.vn\/wp-content\/uploads\/2025\/09\/3961.Cong-nhan-hieu-truong_page-0002-724x1024.jpg 724w, https:\/\/thvietau.edu.vn\/wp-content\/uploads\/2025\/09\/3961.Cong-nhan-hieu-truong_page-0002-212x300.jpg 212w, https:\/\/thvietau.edu.vn\/wp-content\/uploads\/2025\/09\/3961.Cong-nhan-hieu-truong_page-0002-768x1087.jpg 768w, https:\/\/thvietau.edu.vn\/wp-content\/uploads\/2025\/09\/3961.Cong-nhan-hieu-truong_page-0002-1085x1536.jpg 1085w, https:\/\/thvietau.edu.vn\/wp-content\/uploads\/2025\/09\/3961.Cong-nhan-hieu-truong_page-0002.jpg 1240w\" sizes=\"auto, (max-width: 724px) 100vw, 724px\" \/>\t\t\t\t\t\t\n\t\t\t\t\t<\/div>\n\t\t\t\t\t\t\t\t\n<style>\n#image_411068850 {\n  width: 100%;\n}\n<\/style>\n\t<\/div>\n\t\n<\/div><\/div>\n<\/div>\n\t\t<\/div>\n\n\t\t\n<style>\n#section_887174069 {\n  padding-top: 30px;\n  padding-bottom: 30px;\n}\n#section_887174069 .ux-shape-divider--top svg {\n  height: 150px;\n  --divider-top-width: 100%;\n}\n#section_887174069 .ux-shape-divider--bottom svg {\n  height: 150px;\n  --divider-width: 100%;\n}\n<\/style>\n\t<\/section>\n\t\n","protected":false},"excerpt":{"rendered":"","protected":false},"author":1,"featured_media":0,"parent":0,"menu_order":0,"comment_status":"closed","ping_status":"closed","template":"","meta":{"footnotes":""},"class_list":["post-18","page","type-page","status-publish","hentry"],"_links":{"self":[{"href":"https:\/\/thvietau.edu.vn\/index.php\/wp-json\/wp\/v2\/pages\/18","targetHints":{"allow":["GET"]}}],"collection":[{"href":"https:\/\/thvietau.edu.vn\/index.php\/wp-json\/wp\/v2\/pages"}],"about":[{"href":"https:\/\/thvietau.edu.vn\/index.php\/wp-json\/wp\/v2\/types\/page"}],"author":[{"embeddable":true,"href":"https:\/\/thvietau.edu.vn\/index.php\/wp-json\/wp\/v2\/users\/1"}],"replies":[{"embeddable":true,"href":"https:\/\/thvietau.edu.vn\/index.php\/wp-json\/wp\/v2\/comments?post=18"}],"version-history":[{"count":3,"href":"https:\/\/thvietau.edu.vn\/index.php\/wp-json\/wp\/v2\/pages\/18\/revisions"}],"predecessor-version":[{"id":84,"href":"https:\/\/thvietau.edu.vn\/index.php\/wp-json\/wp\/v2\/pages\/18\/revisions\/84"}],"wp:attachment":[{"href":"https:\/\/thvietau.edu.vn\/index.php\/wp-json\/wp\/v2\/media?parent=18"}],"curies":[{"name":"wp","href":"https:\/\/api.w.org\/{rel}","templated":true}]}}